{"id":8647,"date":"2019-10-09T16:46:39","date_gmt":"2019-10-09T14:46:39","guid":{"rendered":"http:\/\/www.svseekirchen.at\/svs\/?page_id=8647"},"modified":"2026-02-17T17:46:21","modified_gmt":"2026-02-17T16:46:21","slug":"hc2026","status":"publish","type":"page","link":"https:\/\/www.svseekirchen.at\/svs\/hc2026\/","title":{"rendered":"SVS Volksbank Hallencup 2026"},"content":{"rendered":"<div class=\"wpb-content-wrapper\"><div class=\"vc_row wpb_row vc_row-fluid\"><div class=\"wpb_column vc_column_container vc_col-sm-12\"><div class=\"vc_column-inner\"><div class=\"wpb_wrapper\">\n\t<div class=\"wpb_text_column wpb_content_element vc_customizer_1771346775399 \" >\n\t\t<div class=\"wpb_wrapper\">\n\t\t\t<h3>Herzlich Willkommen beim VOLSKBANK Hallencup des SV Seekirchen!<\/h3>\n<p>Unser traditionelles Hallenturnier findet im Februar 2026 an folgenden Terminen statt:<\/p>\n<table style=\"height: 161px; width: 100.264%; border-collapse: collapse;\">\n<tbody>\n<tr style=\"height: 23px; border-style: double; background-color: #cc1d1b;\">\n<td style=\"width: 13.3845%; height: 23px; text-align: center;\"><span style=\"color: #ffffff;\"><strong>Datum<\/strong><\/span><\/td>\n<td style=\"width: 19.8296%; text-align: center;\"><span style=\"color: #ffffff;\"><strong>Link zum Spielplan<\/strong><\/span><\/td>\n<td style=\"width: 8.27987%; height: 23px; text-align: center;\"><span style=\"color: #ffffff;\"><strong>Bewerb<\/strong><\/span><\/td>\n<td style=\"width: 12.6372%; height: 23px; text-align: center;\"><span style=\"color: #ffffff;\"><b>Ort<\/b><\/span><\/td>\n<td style=\"width: 10.809%; text-align: center;\"><span style=\"color: #ffffff;\"><strong>Startgeld\u00a0<\/strong><\/span><\/td>\n<td style=\"width: 13.6053%; text-align: center;\"><span style=\"color: #ffffff;\"><strong>Status<\/strong><\/span><\/td>\n<td style=\"width: 68.3786%; text-align: center;\"><span style=\"color: #ffffff;\"><strong>Teilnehmer<br \/>\n<\/strong><\/span><\/td>\n<\/tr>\n<tr style=\"height: 23px;\">\n<td style=\"width: 13.3845%; height: 23px; text-align: center;\">Freitag, 13.2.2026<br \/>\n17:00 Uhr<\/td>\n<td style=\"width: 19.8296%; text-align: center;\"><a href=\"https:\/\/mytman.io\/turnierplan-vollbild\/?turnier_id=7539&amp;share=1&amp;showheader=1&amp;showinfo=1&amp;showsponsors=1&amp;refresh=1&amp;automatic_scroll=1&amp;showlogos=1&amp;hide_games=0&amp;hide_tables=0\" target=\"_blank\" rel=\"noopener\">Online-Spielplan U13<\/a><\/td>\n<td style=\"width: 8.27987%; height: 23px; text-align: center;\">U13<br \/>\n4+1<\/td>\n<td style=\"width: 12.6372%; height: 23px; text-align: center;\"><a href=\"https:\/\/maps.app.goo.gl\/nXsM7G6SUxvNr25i7\" target=\"_blank\" rel=\"noopener\">NMS Seekirchen<\/a><\/td>\n<td style=\"width: 10.809%; text-align: center;\">60\u20ac<\/td>\n<td style=\"width: 13.6053%; text-align: center;\">Aktuell ausgebucht<\/td>\n<td style=\"width: 68.3786%; text-align: center;\">UFC Siezenheim<br \/>\nSV Wals-Gr\u00fcnau<br \/>\nLAZ VS Salzburg Nord<br \/>\nLAZ VS Seekirchen<br \/>\nSK Obertrum<br \/>\nSV Gr\u00f6dig<br \/>\nSV Seekirchen rot<br \/>\nSV Seekirchen wei\u00df<\/td>\n<\/tr>\n<tr style=\"height: 23px;\">\n<td style=\"width: 13.3845%; height: 23px; text-align: center;\">Samstag, 14.2.2026<br \/>\n09:00 Uhr<\/td>\n<td style=\"width: 19.8296%; text-align: center;\"><a href=\"https:\/\/mytman.io\/turnierplan-vollbild\/?turnier_id=7580&amp;share=1&amp;showheader=1&amp;showinfo=1&amp;showsponsors=1&amp;refresh=1&amp;automatic_scroll=1&amp;showlogos=1&amp;hide_games=0&amp;hide_tables=0\" target=\"_blank\" rel=\"noopener\">Online-Spielplan U8<\/a><\/td>\n<td style=\"width: 8.27987%; height: 23px; text-align: center;\">U8<br \/>\n5+1<\/td>\n<td style=\"width: 12.6372%; height: 23px; text-align: center;\"><a href=\"https:\/\/maps.app.goo.gl\/nXsM7G6SUxvNr25i7\" target=\"_blank\" rel=\"noopener\">NMS Seekirchen<\/a><\/td>\n<td style=\"width: 10.809%; text-align: center;\">60\u20ac<\/td>\n<td style=\"width: 13.6053%; text-align: center;\">Aktuell ausgebucht<\/td>\n<td style=\"width: 68.3786%; text-align: center;\">FC Puch<br \/>\nUSK Obertrum<br \/>\nUnion Woerle Henndorf<br \/>\nSV Wals-Gr\u00fcnau<br \/>\nUSV Koppl<br \/>\nSV Kuchl<br \/>\nSV Seekirchen rot<br \/>\nSV Seekirchen wei\u00df<\/td>\n<\/tr>\n<tr style=\"height: 23px;\">\n<td style=\"width: 13.3845%; height: 23px; text-align: center;\">Samstag, 14.2.2026<br \/>\n14:30 Uhr<\/td>\n<td style=\"width: 19.8296%; text-align: center;\"><a href=\"https:\/\/mytman.io\/turnierplan-vollbild\/?turnier_id=7632&amp;share=1&amp;showheader=1&amp;showinfo=1&amp;showsponsors=1&amp;refresh=1&amp;automatic_scroll=1&amp;showlogos=1&amp;hide_games=0&amp;hide_tables=0\" target=\"_blank\" rel=\"noopener\">Online-Spielplan U10<\/a><\/td>\n<td style=\"width: 8.27987%; height: 23px; text-align: center;\">U10<br \/>\n4+1<\/td>\n<td style=\"width: 12.6372%; height: 23px; text-align: center;\"><a href=\"https:\/\/maps.app.goo.gl\/nXsM7G6SUxvNr25i7\" target=\"_blank\" rel=\"noopener\">NMS Seekirchen<\/a><\/td>\n<td style=\"width: 10.809%; text-align: center;\">60\u20ac<\/td>\n<td style=\"width: 13.6053%; text-align: center;\">Aktuell ausgebucht<\/td>\n<td style=\"width: 68.3786%; text-align: center;\">USC Eugendorf<br \/>\nSV 1880 M\u00fcnchen<br \/>\nSV Stra\u00dfwalchen<br \/>\nSBC Traunstein<br \/>\nSV Anthering<br \/>\nSV Kuchl<br \/>\nSV Seekirchen rot<br \/>\nSV Seekirchen wei\u00df<\/td>\n<\/tr>\n<tr style=\"height: 23px;\">\n<td style=\"width: 13.3845%; height: 23px; text-align: center;\">Sonntag, 15.2.2026<br \/>\n8:30 Uhr<\/td>\n<td style=\"width: 19.8296%; text-align: center;\"><a href=\"https:\/\/mytman.io\/turnierplan-vollbild\/?turnier_id=8117&amp;share=1&amp;showheader=1&amp;showinfo=1&amp;showsponsors=1&amp;refresh=1&amp;automatic_scroll=1&amp;showlogos=1&amp;hide_games=0&amp;hide_tables=0\" target=\"_blank\" rel=\"noopener\">Online-Spielplan U9<\/a><\/td>\n<td style=\"width: 8.27987%; height: 23px; text-align: center;\">U9<br \/>\n4+1<\/td>\n<td style=\"width: 12.6372%; height: 23px; text-align: center;\"><a href=\"https:\/\/maps.app.goo.gl\/nXsM7G6SUxvNr25i7\" target=\"_blank\" rel=\"noopener\">NMS Seekirchen<\/a><\/td>\n<td style=\"width: 10.809%; text-align: center;\">60\u20ac<\/td>\n<td style=\"width: 13.6053%; text-align: center;\">Aktuell ausgebucht<\/td>\n<td style=\"width: 68.3786%; text-align: center;\">USK Niedernsill<br \/>\nSV Stra\u00dfwalchen gr\u00fcn<br \/>\nSV Stra\u00dfwalchen wei\u00df<br \/>\nSK St. Johann in Tirol<br \/>\nSV Wals Gr\u00fcnau<br \/>\nUSV K\u00f6stendorf<br \/>\nSV Kuchl<br \/>\nSV Seekirchen rot<br \/>\nSV Seekirchen wei\u00df<br \/>\nSV Seekirchen gold<\/td>\n<\/tr>\n<tr style=\"height: 23px;\">\n<td style=\"width: 13.3845%; height: 23px; text-align: center;\">Sonntag, 15.2.2026<br \/>\n14:30 Uhr<\/td>\n<td style=\"width: 19.8296%; text-align: center;\"><a href=\"https:\/\/mytman.io\/turnierplan-vollbild\/?turnier_id=8118&amp;share=1&amp;showheader=1&amp;showinfo=1&amp;showsponsors=1&amp;refresh=1&amp;automatic_scroll=1&amp;showlogos=1&amp;hide_games=0&amp;hide_tables=0\" target=\"_blank\" rel=\"noopener\">Online-Spielplan U12<\/a><\/td>\n<td style=\"width: 8.27987%; height: 23px; text-align: center;\">U12<br \/>\n4+1<\/td>\n<td style=\"width: 12.6372%; height: 23px; text-align: center;\"><a href=\"https:\/\/maps.app.goo.gl\/nXsM7G6SUxvNr25i7\" target=\"_blank\" rel=\"noopener\">NMS Seekirchen<\/a><\/td>\n<td style=\"width: 10.809%; text-align: center;\">60\u20ac<\/td>\n<td style=\"width: 13.6053%; text-align: center;\">1 freier PLatz<\/td>\n<td style=\"width: 68.3786%; text-align: center;\">SV Gr\u00f6dig<br \/>\nUFC SV Hallwang<br \/>\nFC Puch<br \/>\nUSV Elixhausen<br \/>\nASV Taxham<br \/>\nSV Seekirchen rot<br \/>\nSV Seekirchen wei\u00df<\/p>\n<h6>..Liste wird laufend aktualisiert..<\/h6>\n<\/td>\n<\/tr>\n<tr style=\"height: 23px;\">\n<td style=\"width: 13.3845%; height: 23px; text-align: center;\">Samstag, 21.2.2026<br \/>\n8:30 Uhr<\/td>\n<td style=\"width: 19.8296%; text-align: center;\"><a href=\"https:\/\/mytman.io\/turnierplan-vollbild\/?turnier_id=8382&amp;share=1&amp;showheader=1&amp;showinfo=1&amp;showsponsors=1&amp;refresh=1&amp;automatic_scroll=1&amp;showlogos=1&amp;hide_games=0&amp;hide_tables=0\" target=\"_blank\" rel=\"noopener\">Online-Spielplan U6<\/a><\/td>\n<td style=\"width: 8.27987%; height: 23px; text-align: center;\">U6<br \/>\nFunino<\/td>\n<td style=\"width: 12.6372%; height: 23px; text-align: center;\"><a href=\"https:\/\/maps.app.goo.gl\/ZnpFi4DpeSFsP8VF6\" target=\"_blank\" rel=\"noopener\">Gymnasium Seekirchen<\/a><\/td>\n<td style=\"width: 10.809%; text-align: center;\">30\u20ac pro 3-er Team<\/td>\n<td style=\"width: 13.6053%; text-align: center;\">Aktuell ausgebucht<\/td>\n<td style=\"width: 68.3786%; text-align: center;\">ATSV Salzburg (2 Teams)<br \/>\nSAK 1914 (2 Teams)<br \/>\nUSK Obertrum<br \/>\nSPG Schleedorf\/K\u00f6stendorf (2 Teams)<br \/>\nSV Seekirchen rot<br \/>\nSV Seekirchen wei\u00df<br \/>\nSV Seekirchen gold<br \/>\nSV Seekirchen M\u00e4dels<\/td>\n<\/tr>\n<tr>\n<td style=\"width: 13.3845%; text-align: center;\">Samstag, 21.2.2026<br \/>\n12:00 Uhr<\/td>\n<td style=\"width: 19.8296%; text-align: center;\"><a href=\"https:\/\/mytman.io\/turnierplan-vollbild\/?turnier_id=8451&amp;share=1&amp;showheader=1&amp;showinfo=1&amp;showsponsors=1&amp;refresh=1&amp;automatic_scroll=1&amp;showlogos=1&amp;hide_games=0&amp;hide_tables=0\" target=\"_blank\" rel=\"noopener\">Online-Spielplan U7 Europa League<\/a><\/td>\n<td style=\"width: 8.27987%; text-align: center;\">U7 &#8211; EL<br \/>\nFunino<\/td>\n<td style=\"width: 12.6372%; height: 23px; text-align: center;\"><a href=\"https:\/\/maps.app.goo.gl\/ZnpFi4DpeSFsP8VF6\" target=\"_blank\" rel=\"noopener\">Gymnasium Seekirchen<\/a><\/td>\n<td style=\"width: 10.809%; text-align: center;\">30\u20ac pro 3-er Team<\/td>\n<td style=\"width: 13.6053%; text-align: center;\">Aktuell ausgebucht<\/td>\n<td style=\"width: 68.3786%; text-align: center;\">UFC Siezenheim<br \/>\nSV Strasswalchen (2 Teams)<br \/>\nATSV Salzburg<br \/>\nUFV Thalgau<br \/>\nSV Kuchl (2 Teams)<br \/>\nSV Wals Gr\u00fcnau<br \/>\nSV Seekirchen rot<br \/>\nSV Seekirchen wei\u00df<\/td>\n<\/tr>\n<tr>\n<td style=\"width: 13.3845%; text-align: center;\">Samstag, 21.2.2026<br \/>\n16:00 Uhr<\/td>\n<td style=\"width: 19.8296%; text-align: center;\"><a href=\"https:\/\/mytman.io\/turnierplan-vollbild\/?turnier_id=8452&amp;share=1&amp;showheader=1&amp;showinfo=1&amp;showsponsors=1&amp;refresh=1&amp;automatic_scroll=1&amp;showlogos=1&amp;hide_games=0&amp;hide_tables=0\" target=\"_blank\" rel=\"noopener\">Online-Spielplan U7 Champions League<\/a><\/td>\n<td style=\"width: 8.27987%; text-align: center;\">U7 &#8211; CL<br \/>\nFunino<\/td>\n<td style=\"width: 12.6372%; height: 23px; text-align: center;\"><a href=\"https:\/\/maps.app.goo.gl\/ZnpFi4DpeSFsP8VF6\" target=\"_blank\" rel=\"noopener\">Gymnasium Seekirchen<\/a><\/td>\n<td style=\"width: 10.809%; text-align: center;\">30\u20ac pro 3-er Team<\/td>\n<td style=\"width: 13.6053%; text-align: center;\">Aktuell ausgebucht<\/td>\n<td style=\"width: 68.3786%; text-align: center;\">ATSV Salzburg<br \/>\nUFV Thalgau<br \/>\nUnion Henndorf<br \/>\nSV Kuchl (2 Teams)<br \/>\nSV Wals Gr\u00fcnau<br \/>\nSV Seekirchen rot<br \/>\nSV Seekirchen wei\u00df<\/td>\n<\/tr>\n<tr>\n<td style=\"width: 13.3845%; text-align: center;\">Sonntag, 22.2.2026<br \/>\n08:30 Uhr<\/td>\n<td style=\"width: 19.8296%; text-align: center;\"><a href=\"https:\/\/mytman.io\/turnierplan-vollbild\/?turnier_id=8460&amp;share=1&amp;showheader=1&amp;showinfo=1&amp;showsponsors=1&amp;refresh=1&amp;automatic_scroll=1&amp;showlogos=1&amp;hide_games=0&amp;hide_tables=0\" target=\"_blank\" rel=\"noopener\">Online-Spielplan U11<\/a><\/td>\n<td style=\"width: 8.27987%; text-align: center;\">U11<br \/>\n4+1<\/td>\n<td style=\"width: 12.6372%; text-align: center;\"><a href=\"https:\/\/maps.app.goo.gl\/nXsM7G6SUxvNr25i7\" target=\"_blank\" rel=\"noopener\">NMS Seekirchen<\/a><\/td>\n<td style=\"width: 10.809%; text-align: center;\">60\u20ac<\/td>\n<td style=\"width: 13.6053%; text-align: center;\">Anmeldung offen<\/td>\n<td style=\"width: 68.3786%; text-align: center;\">SC Seeham<br \/>\nSV Austria Salzburg<br \/>\nUSK Obertrum<br \/>\nSV Lugstein Cabs Friedburg<br \/>\nSV Seekirchen rot<br \/>\nSV Seekirchen wei\u00df<\/p>\n<h6>..Liste wird laufend aktualisiert..<\/h6>\n<\/td>\n<\/tr>\n<tr>\n<td style=\"width: 13.3845%; text-align: center;\">Sonntag, 22.2.2026<br \/>\n14:45 Uhr<\/td>\n<td style=\"width: 19.8296%; text-align: center;\"><a href=\"https:\/\/mytman.io\/turnierplan-vollbild\/?turnier_id=8497&amp;share=1&amp;showheader=1&amp;showinfo=1&amp;showsponsors=1&amp;refresh=1&amp;automatic_scroll=1&amp;showlogos=1&amp;hide_games=0&amp;hide_tables=0\" target=\"_blank\" rel=\"noopener\">Online-Spielplan U10 M\u00e4dels<\/a><\/td>\n<td style=\"width: 8.27987%; text-align: center;\">U10 M\u00e4dels<br \/>\n4+1<\/td>\n<td style=\"width: 12.6372%; text-align: center;\"><a href=\"https:\/\/maps.app.goo.gl\/nXsM7G6SUxvNr25i7\" target=\"_blank\" rel=\"noopener\">NMS Seekirchen<\/a><\/td>\n<td style=\"width: 10.809%; text-align: center;\">60\u20ac<\/td>\n<td style=\"width: 13.6053%; text-align: center;\">Anmeldung offen<\/td>\n<td style=\"width: 68.3786%; text-align: center;\">TSV WM Estriche Neumarkt<br \/>\nSG Taxham-Wals<br \/>\nSV Seekirchen<\/p>\n<h6>..Liste wird laufend aktualisiert..<\/h6>\n<\/td>\n<\/tr>\n<tr>\n<td style=\"width: 13.3845%; text-align: center;\">Sonntag, 22.2.2026<br \/>\n13:45 Uhr<\/td>\n<td style=\"width: 19.8296%; text-align: center;\"><a href=\"https:\/\/mytman.io\/turnierplan-vollbild\/?turnier_id=8496&amp;share=1&amp;showheader=1&amp;showinfo=1&amp;showsponsors=1&amp;refresh=1&amp;automatic_scroll=1&amp;showlogos=1&amp;hide_games=0&amp;hide_tables=0\" target=\"_blank\" rel=\"noopener\">Online-Spielplan U14 M\u00e4dels<\/a><\/td>\n<td style=\"width: 8.27987%; text-align: center;\">U14 M\u00e4dels<br \/>\n4+1<\/td>\n<td style=\"width: 12.6372%; text-align: center;\"><a href=\"https:\/\/maps.app.goo.gl\/nXsM7G6SUxvNr25i7\" target=\"_blank\" rel=\"noopener\">NMS Seekirchen<\/a><\/td>\n<td style=\"width: 10.809%; text-align: center;\">60\u20ac<\/td>\n<td style=\"width: 13.6053%; text-align: center;\">Anmeldung offen<\/td>\n<td style=\"width: 68.3786%; text-align: center;\">SV Wals-Gr\u00fcnau<br \/>\nUSV Lamprechtshausen<br \/>\nTSV WM Estriche Neumarkt<br \/>\nSG Taxham-Wals<br \/>\nSU Abtenau<br \/>\nSV Seekirchen rot<br \/>\nSV Seekirchen wei\u00df<\/p>\n<h6>..Liste wird laufend aktualisiert..<\/h6>\n<\/td>\n<\/tr>\n<\/tbody>\n<\/table>\n<p>&nbsp;<\/p>\n<p>Die Anmeldung zum Turnier erfolgt mittels dem untenstehenden Formular &#8211; f\u00fcr die \u00dcberweisung des Startgeldes haben wir eine digitale Variante eingerichtet: Unter <a href=\"https:\/\/svs1945.sumupstore.com\/\" target=\"_blank\" rel=\"noopener\">https:\/\/svs1945.sumupstore.com<\/a> k\u00f6nnt ihr sofort \u00fcberweisen und bekommt auch gleich einen entsprechenden Beleg bzw. die Rechnung. Damit gibt es keine l\u00e4stigen R\u00fcckfragen oder Nachzahlungen bei den Turnieren vor Ort.<\/p>\n<p>R\u00fcckfragen unter <a href=\"mailto:nachwuchs@svseekirchen.at\">nachwuchs@svseekirchen.at <\/a>oder unter +43 664 8265757.<\/p>\n<p>Wir freuen uns auf eure zahlreichen Anmeldungen!<\/p>\n<div><strong>ANMELDUNG:<\/strong><\/div>\n\n\t\t<\/div>\n\t<\/div>\n\r\n<style type=\"text\/css\">\r\n\r\n\r\n\r\n\r\n\r\n\r\n\r\n\tbody #wpforms-14003 .wpforms-submit-container .wpforms-submit, body #wpforms-14003 .wpforms-field-pagebreak button.wpforms-page-button {\r\n\t\ttext-align:center ;\t\tborder-width: 0px;\t}\r\n\r\n\tbody #wpforms-14003 .wpforms-submit-container .wpforms-submit:hover, body #wpforms-14003 .wpforms-field-pagebreak button.wpforms-page-button:hover {\r\n\t\t\t}\r\n\r\n\tbody #wpforms-14003 .wpforms-submit-container,\r\n\tbody #wpforms-14003 .wpforms-field-pagebreak .wpforms-pagebreak-left{\r\n\ttext-align:center;\t}\r\n\r\n\r\n\r\n\r\n\r\n\r\n\r\n\r\n\r\n\r\n\r\n\/* Styling for Tablets *\/\r\n@media only screen and (max-width: 800px) and (min-width:481px) {\r\n\t\r\n\r\n\r\n\r\n}\r\n\r\n@media only screen and (max-width: 480px){\r\n\t\r\n\r\n\r\n\r\n}\r\n\/*Option to add custom CSS *\/\r\n\r\n\r\n\r\n\t\t<\/style>\r\n\t\t<div class=\"wpforms-container wpforms-container-full\" id=\"wpforms-14003\"><form id=\"wpforms-form-14003\" class=\"wpforms-validate wpforms-form wpforms-ajax-form\" data-formid=\"14003\" method=\"post\" enctype=\"multipart\/form-data\" action=\"\/svs\/wp-json\/wp\/v2\/pages\/8647\" data-token=\"e320fb4e56a8b7e363a2bb22e9038988\" data-token-time=\"1778257243\"><noscript class=\"wpforms-error-noscript\">Bitte aktiviere JavaScript in deinem Browser, um dieses Formular fertigzustellen.<\/noscript><div class=\"wpforms-field-container\"><div id=\"wpforms-14003-field_8-container\" class=\"wpforms-field wpforms-field-name\" data-field-id=\"8\"><label class=\"wpforms-field-label\" for=\"wpforms-14003-field_8\">Name des Vereins <span class=\"wpforms-required-label\">*<\/span><\/label><input type=\"text\" id=\"wpforms-14003-field_8\" class=\"wpforms-field-medium wpforms-field-required\" name=\"wpforms[fields][8]\" required><\/div><div id=\"wpforms-14003-field_1-container\" class=\"wpforms-field wpforms-field-name\" data-field-id=\"1\"><label class=\"wpforms-field-label\" for=\"wpforms-14003-field_1\">Name des Ansprechpartners <span class=\"wpforms-required-label\">*<\/span><\/label><input type=\"text\" id=\"wpforms-14003-field_1\" class=\"wpforms-field-medium wpforms-field-required\" name=\"wpforms[fields][1]\" required><div class=\"wpforms-field-description\">Bitte den Namen des Ansprechpartners bei eurem Verein angeben (f\u00fcr R\u00fcckfragen, etc.)<\/div><\/div><div id=\"wpforms-14003-field_11-container\" class=\"wpforms-field wpforms-field-phone\" data-field-id=\"11\"><label class=\"wpforms-field-label\" for=\"wpforms-14003-field_11\">Telefonnummer <span class=\"wpforms-required-label\">*<\/span><\/label><input type=\"tel\" id=\"wpforms-14003-field_11\" class=\"wpforms-field-medium wpforms-field-required wpforms-smart-phone-field\" data-rule-smart-phone-field=\"true\" name=\"wpforms[fields][11]\" value=\"+43\" aria-label=\"Telefonnummer\" required><\/div><div id=\"wpforms-14003-field_10-container\" class=\"wpforms-field wpforms-field-email wpforms-conditional-trigger\" data-field-id=\"10\"><label class=\"wpforms-field-label\">E-Mail-Adresse <span class=\"wpforms-required-label\">*<\/span><\/label><div class=\"wpforms-field-row wpforms-field-medium\"><div class=\"wpforms-field-row-block wpforms-one-half wpforms-first\"><input type=\"email\" id=\"wpforms-14003-field_10\" class=\"wpforms-field-required wpforms-field-email-primary\" name=\"wpforms[fields][10][primary]\" spellcheck=\"false\" required><label for=\"wpforms-14003-field_10\" class=\"wpforms-field-sublabel after\">E-Mail-Adresse<\/label><\/div><div class=\"wpforms-field-row-block wpforms-one-half\"><input type=\"email\" id=\"wpforms-14003-field_10-secondary\" class=\"wpforms-field-email-secondary wpforms-field-required\" data-rule-confirm=\"#wpforms-14003-field_10\" name=\"wpforms[fields][10][secondary]\" spellcheck=\"false\" required><label for=\"wpforms-14003-field_10-secondary\" class=\"wpforms-field-sublabel after\">E-Mail best\u00e4tigen<\/label><\/div><\/div><\/div><div id=\"wpforms-14003-field_16-container\" class=\"wpforms-field wpforms-field-checkbox wpforms-conditional-trigger\" data-field-id=\"16\"><label class=\"wpforms-field-label\">Bewerb<\/label><ul id=\"wpforms-14003-field_16\"><li class=\"choice-1 depth-1\"><input type=\"checkbox\" id=\"wpforms-14003-field_16_1\" name=\"wpforms[fields][16][]\" value=\"U13 - 13.2.2026\"  ><label class=\"wpforms-field-label-inline\" for=\"wpforms-14003-field_16_1\">U13 - 13.2.2026<\/label><\/li><li class=\"choice-2 depth-1\"><input type=\"checkbox\" id=\"wpforms-14003-field_16_2\" name=\"wpforms[fields][16][]\" value=\"U8 - 14.2.2026\"  ><label class=\"wpforms-field-label-inline\" for=\"wpforms-14003-field_16_2\">U8 - 14.2.2026<\/label><\/li><li class=\"choice-3 depth-1\"><input type=\"checkbox\" id=\"wpforms-14003-field_16_3\" name=\"wpforms[fields][16][]\" value=\"U10 - 14.2.2026\"  ><label class=\"wpforms-field-label-inline\" for=\"wpforms-14003-field_16_3\">U10 - 14.2.2026<\/label><\/li><li class=\"choice-10 depth-1\"><input type=\"checkbox\" id=\"wpforms-14003-field_16_10\" name=\"wpforms[fields][16][]\" value=\"U12 - 15.2.2026\"  ><label class=\"wpforms-field-label-inline\" for=\"wpforms-14003-field_16_10\">U12 - 15.2.2026<\/label><\/li><li class=\"choice-12 depth-1\"><input type=\"checkbox\" id=\"wpforms-14003-field_16_12\" name=\"wpforms[fields][16][]\" value=\"U11 - 22.02.2026\"  ><label class=\"wpforms-field-label-inline\" for=\"wpforms-14003-field_16_12\">U11 - 22.02.2026<\/label><\/li><li class=\"choice-6 depth-1\"><input type=\"checkbox\" id=\"wpforms-14003-field_16_6\" name=\"wpforms[fields][16][]\" value=\"U10 M\u00e4dels - 22.02.2026\"  ><label class=\"wpforms-field-label-inline\" for=\"wpforms-14003-field_16_6\">U10 M\u00e4dels - 22.02.2026<\/label><\/li><li class=\"choice-5 depth-1\"><input type=\"checkbox\" id=\"wpforms-14003-field_16_5\" name=\"wpforms[fields][16][]\" value=\"U14 M\u00e4dels - 22.02.2026\"  ><label class=\"wpforms-field-label-inline\" for=\"wpforms-14003-field_16_5\">U14 M\u00e4dels - 22.02.2026<\/label><\/li><\/ul><div class=\"wpforms-field-description\">Mehrfachnennung m\u00f6glich.<\/div><\/div><div id=\"wpforms-14003-field_17-container\" class=\"wpforms-field wpforms-field-number wpforms-conditional-field wpforms-conditional-show\" data-field-id=\"17\" style=\"display:none;\"><label class=\"wpforms-field-label\" for=\"wpforms-14003-field_17\">Anzahl Teams U7 - EL<\/label><input type=\"number\" id=\"wpforms-14003-field_17\" class=\"wpforms-field-medium\" name=\"wpforms[fields][17]\" step=\"any\" ><\/div><div id=\"wpforms-14003-field_20-container\" class=\"wpforms-field wpforms-field-text wpforms-conditional-field wpforms-conditional-hide\" data-field-id=\"20\"><label class=\"wpforms-field-label wpforms-label-hide\" for=\"wpforms-14003-field_20\">Bestellung<\/label><input type=\"text\" id=\"wpforms-14003-field_20\" class=\"wpforms-field-small\" name=\"wpforms[fields][20]\" ><\/div><\/div><!-- .wpforms-field-container --><div class=\"wpforms-submit-container\" ><input type=\"hidden\" name=\"wpforms[id]\" value=\"14003\"><input type=\"hidden\" name=\"page_title\" value=\"\"><input type=\"hidden\" name=\"page_url\" value=\"https:\/\/www.svseekirchen.at\/svs\/wp-json\/wp\/v2\/pages\/8647\"><input type=\"hidden\" name=\"url_referer\" value=\"\"><button type=\"submit\" name=\"wpforms[submit]\" id=\"wpforms-submit-14003\" class=\"wpforms-submit\" data-alt-text=\"Senden\u2026\" data-submit-text=\"Absenden\" aria-live=\"assertive\" value=\"wpforms-submit\">Absenden<\/button><img decoding=\"async\" src=\"https:\/\/www.svseekirchen.at\/svs\/wp-content\/plugins\/wpforms\/assets\/images\/submit-spin.svg\" class=\"wpforms-submit-spinner\" style=\"display: none;\" width=\"26\" height=\"26\" alt=\"Wird geladen\"><\/div><\/form><\/div>  <!-- .wpforms-container --><\/div><\/div><\/div><\/div>\n<\/div>","protected":false},"excerpt":{"rendered":"Herzlich Willkommen beim VOLSKBANK Hallencup des SV Seekirchen! Unser traditionelles Hallenturnier findet im Februar 2026 an folgenden Terminen statt: Datum Link zum Spielplan Bewerb Ort Startgeld\u00a0 Status Teilnehmer Freitag, 13.2.2026 17:00 Uhr Online-Spielplan U13 U13 4+1 NMS Seekirchen 60\u20ac Aktuell ausgebucht UFC Siezenheim SV Wals-Gr\u00fcnau LAZ VS Salzburg Nord LAZ VS Seekirchen SK Obertrum SV...","protected":false},"author":24,"featured_media":0,"parent":0,"menu_order":0,"comment_status":"closed","ping_status":"closed","template":"","meta":{"footnotes":""},"class_list":["post-8647","page","type-page","status-publish","hentry"],"_links":{"self":[{"href":"https:\/\/www.svseekirchen.at\/svs\/wp-json\/wp\/v2\/pages\/8647","targetHints":{"allow":["GET"]}}],"collection":[{"href":"https:\/\/www.svseekirchen.at\/svs\/wp-json\/wp\/v2\/pages"}],"about":[{"href":"https:\/\/www.svseekirchen.at\/svs\/wp-json\/wp\/v2\/types\/page"}],"author":[{"embeddable":true,"href":"https:\/\/www.svseekirchen.at\/svs\/wp-json\/wp\/v2\/users\/24"}],"replies":[{"embeddable":true,"href":"https:\/\/www.svseekirchen.at\/svs\/wp-json\/wp\/v2\/comments?post=8647"}],"version-history":[{"count":122,"href":"https:\/\/www.svseekirchen.at\/svs\/wp-json\/wp\/v2\/pages\/8647\/revisions"}],"predecessor-version":[{"id":14107,"href":"https:\/\/www.svseekirchen.at\/svs\/wp-json\/wp\/v2\/pages\/8647\/revisions\/14107"}],"wp:attachment":[{"href":"https:\/\/www.svseekirchen.at\/svs\/wp-json\/wp\/v2\/media?parent=8647"}],"curies":[{"name":"wp","href":"https:\/\/api.w.org\/{rel}","templated":true}]}}