{"id":7225,"date":"2018-03-19T15:15:21","date_gmt":"2018-03-19T14:15:21","guid":{"rendered":"http:\/\/www.svseekirchen.at\/svs\/impressum\/"},"modified":"2021-04-10T21:41:39","modified_gmt":"2021-04-10T19:41:39","slug":"impressum","status":"publish","type":"page","link":"https:\/\/www.svseekirchen.at\/svs\/impressum\/","title":{"rendered":"Impressum"},"content":{"rendered":"<div class=\"wpb-content-wrapper\"><div class=\"vc_row wpb_row vc_row-fluid\"><div class=\"wpb_column vc_column_container vc_col-sm-12\"><div class=\"vc_column-inner\"><div class=\"wpb_wrapper\">\n\t<div class=\"wpb_text_column wpb_content_element vc_customizer_1618083680900 \" >\n\t\t<div class=\"wpb_wrapper\">\n\t\t\t<h4 id=\"h-f-r-den-inhalt-verantwortlich\"><strong>F\u00fcr den Inhalt verantwortlich: <\/strong>Sportverein Seekirchen 1945<\/h4>\n<p><b>Rechtsform:<\/b>\u00a0Verein im Sinne des Vereinsgesetzes 2002<br \/>\n<b>Adresse:<\/b> SV Seekirchen, Sportzentrum 1, 5201 Seekirchen<br \/>\n<b>ZVR:<\/b> 936284020<br \/>\n<b>Kontoverbindung: <\/b>Raiffeisenbank Salzburger Seenland, IBAN: AT77 3504 7000 7501 9752 BIC: RVSAAT2S047<\/p>\n<p><strong>F\u00fcr den Vorstand vertretungsberechtigt:<\/strong><br \/>\nObmann: Toni Feldinger<br \/>\nKassier: Susanne Kirchmeier<\/p>\n<p>Tel: +43 (0)664 825 5757<\/p>\n<p>E-Mail:\u00a0kick@svseekirchen.at<br \/>\nWeb:\u00a0<a href=\"http:\/\/www.svseekirchen.at\/\" target=\"_blank\" rel=\"noopener\">www.svseekirchen.at<\/a><br \/>\nFacebook:\u00a0<a href=\"http:\/\/www.facebook.com\/svseekirchen\" target=\"_blank\" rel=\"noopener\">www.facebook.com\/svseekirchen<\/a><\/p>\n<h4>Informationen zur Online-Streitbeilegung gem\u00e4\u00df Art. 14. Abs. 1 ODR-VO<\/h4>\n<p>Die EU-Kommission bietet die M\u00f6glichkeit zur Online-Streitbeilegung auf einer von ihr betriebenen Plattform (sog. \u201eOS-Plattform\u201c). Die OS-Plattform kann als Anlaufstelle zur au\u00dfergerichtlichen Beilegung von Streitigkeiten aus Online-Kaufvertr\u00e4gen oder Dienstleistungsvertr\u00e4gen dienen. Diese Plattform ist \u00fcber den externen Link https:\/\/ec.europa.eu\/consumers\/odr zu erreichen.<\/p>\n<h4>Haftung f\u00fcr Inhalte<\/h4>\n<p>Als Diensteanbieter sind wir f\u00fcr eigene Inhalte auf diesen Seiten nach den allgemeinen Gesetzen verantwortlich. Wir sind als Diensteanbieter jedoch nicht verpflichtet, \u00fcbermittelte oder gespeicherte fremde Informationen zu \u00fcberwachen oder nach Umst\u00e4nden zu forschen, die auf eine rechtswidrige T\u00e4tigkeit hinweisen. Verpflichtungen zur Entfernung oder Sperrung der Nutzung von Informationen nach den allgemeinen Gesetzen bleiben hiervon unber\u00fchrt. Eine diesbez\u00fcgliche Haftung ist jedoch erst ab dem Zeitpunkt der Kenntnis einer konkreten Rechtsverletzung m\u00f6glich. Bei Bekanntwerden von entsprechenden Rechtsverletzungen werden wir diese Inhalte umgehend entfernen.<\/p>\n<h4>Haftung f\u00fcr Links<\/h4>\n<p>Unser Angebot enth\u00e4lt Links zu externen Webseiten Dritter, auf deren Inhalte wir keinen Einfluss haben. Deshalb k\u00f6nnen wir f\u00fcr diese fremden Inhalte auch keine Gew\u00e4hr \u00fcbernehmen. F\u00fcr die Inhalte der verlinkten Seiten ist stets der jeweilige Anbieter oder Betreiber der Seiten verantwortlich. Die verlinkten Seiten wurden zum Zeitpunkt der Verlinkung auf m\u00f6gliche Rechtsverst\u00f6\u00dfe \u00fcberpr\u00fcft. Rechtswidrige Inhalte waren zum Zeitpunkt der Verlinkung nicht erkennbar. Eine permanente inhaltliche Kontrolle der verlinkten Seiten ist jedoch ohne konkrete Anhaltspunkte einer Rechtsverletzung nicht zumutbar. Bei Bekanntwerden von Rechtsverletzungen werden wir derartige Links umgehend entfernen.<\/p>\n<h4>Urheberrecht<\/h4>\n<p>Die durch die Seitenbetreiber erstellten Inhalte und Werke auf diesen Seiten unterliegen dem deutschen Urheberrecht. Die Vervielf\u00e4ltigung, Bearbeitung, Verbreitung und jede Art der Verwertung au\u00dferhalb der Grenzen des Urheberrechtes bed\u00fcrfen der schriftlichen Zustimmung des jeweiligen Autors bzw. Erstellers. Downloads und Kopien dieser Seite sind nur f\u00fcr den privaten, nicht kommerziellen Gebrauch gestattet. Soweit die Inhalte auf dieser Seite nicht vom Betreiber erstellt wurden, werden die Urheberrechte Dritter beachtet. Insbesondere werden Inhalte Dritter als solche gekennzeichnet. Sollten Sie trotzdem auf eine Urheberrechtsverletzung aufmerksam werden, bitten wir um einen entsprechenden Hinweis. Bei Bekanntwerden von Rechtsverletzungen werden wir derartige Inhalte umgehend entfernen.<\/p>\n<p>[gzd_complaints]<\/p>\n\n\t\t<\/div>\n\t<\/div>\n<\/div><\/div><\/div><\/div>\n<\/div>","protected":false},"excerpt":{"rendered":"F\u00fcr den Inhalt verantwortlich: Sportverein Seekirchen 1945 Rechtsform:\u00a0Verein im Sinne des Vereinsgesetzes 2002 Adresse: SV Seekirchen, Sportzentrum 1, 5201 Seekirchen ZVR: 936284020 Kontoverbindung: Raiffeisenbank Salzburger Seenland, IBAN: AT77 3504 7000 7501 9752 BIC: RVSAAT2S047 F\u00fcr den Vorstand vertretungsberechtigt: Obmann: Toni Feldinger Kassier: Susanne Kirchmeier Tel: +43 (0)664 825 5757 E-Mail:\u00a0kick@svseekirchen.at Web:\u00a0www.svseekirchen.at Facebook:\u00a0www.facebook.com\/svseekirchen Informationen zur Online-Streitbeilegung...","protected":false},"author":24,"featured_media":0,"parent":0,"menu_order":0,"comment_status":"closed","ping_status":"closed","template":"","meta":{"footnotes":""},"class_list":["post-7225","page","type-page","status-publish","hentry"],"_links":{"self":[{"href":"https:\/\/www.svseekirchen.at\/svs\/wp-json\/wp\/v2\/pages\/7225","targetHints":{"allow":["GET"]}}],"collection":[{"href":"https:\/\/www.svseekirchen.at\/svs\/wp-json\/wp\/v2\/pages"}],"about":[{"href":"https:\/\/www.svseekirchen.at\/svs\/wp-json\/wp\/v2\/types\/page"}],"author":[{"embeddable":true,"href":"https:\/\/www.svseekirchen.at\/svs\/wp-json\/wp\/v2\/users\/24"}],"replies":[{"embeddable":true,"href":"https:\/\/www.svseekirchen.at\/svs\/wp-json\/wp\/v2\/comments?post=7225"}],"version-history":[{"count":3,"href":"https:\/\/www.svseekirchen.at\/svs\/wp-json\/wp\/v2\/pages\/7225\/revisions"}],"predecessor-version":[{"id":12103,"href":"https:\/\/www.svseekirchen.at\/svs\/wp-json\/wp\/v2\/pages\/7225\/revisions\/12103"}],"wp:attachment":[{"href":"https:\/\/www.svseekirchen.at\/svs\/wp-json\/wp\/v2\/media?parent=7225"}],"curies":[{"name":"wp","href":"https:\/\/api.w.org\/{rel}","templated":true}]}}