{"id":4633,"date":"2016-03-01T17:20:11","date_gmt":"2016-03-01T16:20:11","guid":{"rendered":"http:\/\/www.svseekirchen.at\/svs\/?page_id=4633"},"modified":"2023-02-12T14:30:43","modified_gmt":"2023-02-12T13:30:43","slug":"funktionaere","status":"publish","type":"page","link":"https:\/\/www.svseekirchen.at\/svs\/funktionaere\/","title":{"rendered":"Funktion\u00e4re"},"content":{"rendered":"<div class=\"wpb-content-wrapper\"><div class=\"vc_row wpb_row vc_row-fluid\"><div class=\"wpb_column vc_column_container vc_col-sm-8\"><div class=\"vc_column-inner\"><div class=\"wpb_wrapper\">\t\t\t<div class=\"ivan-staff-main vc_customizer_1601553910509 \">\n\t\t\t\t<div class=\"ivan-staff-wrapper taphover \">\n\t\t\t\t\t\t\t\t\t\t\t\t\t\t\t\t<div class=\"infos\">\n\t\t\t\t\t\t\t\t\t\t\t\t\t\t\t<div class=\"name\"><\/div>\n\t\t\t\t\t\t\t\t\t\t\t\t\t\t\t\t\t\t\t\t\t\t\t\t\t\t\t\t\t\t<div class=\"description\">\n\t\t\t\t\t\t\t\t\t<\/p>\n<h2 class=\"wpb_heading wpb_singleimage_heading\">Die Funktion\u00e4re des SV Seekirchen<\/h2>\n<div class=\"sportspress\"><div class=\"sp-template sp-template-staff-list\">\n\t<div class=\"sp-table-wrapper\"><table class=\"sp-staff-directory sp-data-table sp-sortable-table sp-scrollable-table sp-paginated-table\" data-sp-rows=\"10\"><thead><tr><th class=\"data-role\">T\u00e4tigkeit<\/th><th class=\"data-name\">Name<\/th><th class=\"data-phone\">Telefon<\/th><th class=\"data-email\">Email<\/th><\/tr><\/thead><tbody><tr class=\"odd\"><td class=\"data-role\">Obmann<\/td><td class=\"data-name\"><a href=\"https:\/\/www.svseekirchen.at\/svs\/staff\/toni-feldinger-2\/\">Toni Feldinger<\/a><\/td><td class=\"data-phone\"><a href=\"tel:+43 664 8265757\">+43 664 8265757<\/a><\/td><td class=\"data-email\"><a href=\"mailto:toni.feldinger@svseekirchen.at\">toni.feldinger@svseekirchen.at<\/a><\/td><\/tr><tr class=\"even\"><td class=\"data-role\">Obmann Stellvertreter<\/td><td class=\"data-name\"><a href=\"https:\/\/www.svseekirchen.at\/svs\/staff\/markus-hoeller\/\">Markus H\u00f6ller<\/a><\/td><td class=\"data-phone\"><a href=\"tel:+43 664 4929626\">+43 664 4929626<\/a><\/td><td class=\"data-email\"><a href=\"mailto:markus.hoeller@autohoeller.at\">markus.hoeller@autohoeller.at<\/a><\/td><\/tr><tr class=\"odd\"><td class=\"data-role\">Obmann Stellvertreter<\/td><td class=\"data-name\"><a href=\"https:\/\/www.svseekirchen.at\/svs\/staff\/wolfgang-monger-2\/\">Wolfgang Monger<\/a><\/td><td class=\"data-phone\"><a href=\"tel:+43 664 5211549\">+43 664 5211549<\/a><\/td><td class=\"data-email\"><a href=\"mailto:wolfgang.monger@gmail.com\">wolfgang.monger@gmail.com<\/a><\/td><\/tr><tr class=\"even\"><td class=\"data-role\">Kassier<\/td><td class=\"data-name\"><a href=\"https:\/\/www.svseekirchen.at\/svs\/staff\/susanne-kirchmeier\/\">Susanne Kirchmeier<\/a><\/td><td class=\"data-phone\"><a href=\"tel:+43 664 2154850\">+43 664 2154850<\/a><\/td><td class=\"data-email\"><a href=\"mailto:buchhaltung@svseekirchen.at\">buchhaltung@svseekirchen.at<\/a><\/td><\/tr><tr class=\"odd\"><td class=\"data-role\">Schriftf\u00fchrer<\/td><td class=\"data-name\"><a href=\"https:\/\/www.svseekirchen.at\/svs\/staff\/james-ibbetson\/\">James Ibbetson<\/a><\/td><td class=\"data-phone\"><a href=\"tel:+43 650 7041148\">+43 650 7041148<\/a><\/td><td class=\"data-email\"><a href=\"mailto:office@objektbeschilderung.at\">office@objektbeschilderung.at<\/a><\/td><\/tr><tr class=\"even\"><td class=\"data-role\">Jugendleiter<\/td><td class=\"data-name\"><a href=\"https:\/\/www.svseekirchen.at\/svs\/staff\/toni-feldinger-2-2\/\">Toni Feldinger<\/a><\/td><td class=\"data-phone\"><a href=\"tel:+43 664 8265757\">+43 664 8265757<\/a><\/td><td class=\"data-email\"><a href=\"mailto:nachwuchs@svseekirchen.at\">nachwuchs@svseekirchen.at<\/a><\/td><\/tr><tr class=\"odd\"><td class=\"data-role\">Jugendleiter Stellvertreter<\/td><td class=\"data-name\"><a href=\"https:\/\/www.svseekirchen.at\/svs\/staff\/kevin-kurz-2\/\">Kevin Kurz<\/a><\/td><td class=\"data-phone\"><a href=\"tel:+43 664 1485510\">+43 664 1485510<\/a><\/td><td class=\"data-email\"><a href=\"mailto:kevin.kurz@svseekirchen.at\">kevin.kurz@svseekirchen.at<\/a><\/td><\/tr><tr class=\"even\"><td class=\"data-role\">Sportlicher Leiter Nachwuchs<\/td><td class=\"data-name\"><a href=\"https:\/\/www.svseekirchen.at\/svs\/staff\/thomas-rieger-2\/\">Thomas Rieger<\/a><\/td><td class=\"data-phone\"><a href=\"tel:+43 676 3754174\">+43 676 3754174<\/a><\/td><td class=\"data-email\"><a href=\"mailto:nachwuchs@svseekirchen.at\">nachwuchs@svseekirchen.at<\/a><\/td><\/tr><\/tbody><\/table><\/div><\/div><\/div>\t\t\t\t\t\t\t\t<\/div>\n\t\t\t\t\t\t\t\t\t\t\t\t\t\t\t\t\t\t\t\t<\/div>\n\t\t\t\t\t\t\t\t\t<\/div>\n\t\t\t<\/div>\n\t\t\t<\/div><\/div><\/div><\/div>\n<\/div>","protected":false},"excerpt":{"rendered":"Die Funktion\u00e4re des SV Seekirchen T\u00e4tigkeitNameTelefonEmailObmannToni Feldinger+43 664 8265757toni.feldinger@svseekirchen.atObmann StellvertreterMarkus H\u00f6ller+43 664 4929626markus.hoeller@autohoeller.atObmann StellvertreterWolfgang Monger+43 664 5211549wolfgang.monger@gmail.comKassierSusanne Kirchmeier+43 664 2154850buchhaltung@svseekirchen.atSchriftf\u00fchrerJames Ibbetson+43 650 7041148office@objektbeschilderung.atJugendleiterToni Feldinger+43 664 8265757nachwuchs@svseekirchen.atJugendleiter StellvertreterKevin Kurz+43 664 1485510kevin.kurz@svseekirchen.atSportlicher Leiter NachwuchsThomas Rieger+43 676 3754174nachwuchs@svseekirchen.at","protected":false},"author":5,"featured_media":0,"parent":0,"menu_order":0,"comment_status":"closed","ping_status":"closed","template":"","meta":{"footnotes":""},"class_list":["post-4633","page","type-page","status-publish","hentry"],"_links":{"self":[{"href":"https:\/\/www.svseekirchen.at\/svs\/wp-json\/wp\/v2\/pages\/4633","targetHints":{"allow":["GET"]}}],"collection":[{"href":"https:\/\/www.svseekirchen.at\/svs\/wp-json\/wp\/v2\/pages"}],"about":[{"href":"https:\/\/www.svseekirchen.at\/svs\/wp-json\/wp\/v2\/types\/page"}],"author":[{"embeddable":true,"href":"https:\/\/www.svseekirchen.at\/svs\/wp-json\/wp\/v2\/users\/5"}],"replies":[{"embeddable":true,"href":"https:\/\/www.svseekirchen.at\/svs\/wp-json\/wp\/v2\/comments?post=4633"}],"version-history":[{"count":104,"href":"https:\/\/www.svseekirchen.at\/svs\/wp-json\/wp\/v2\/pages\/4633\/revisions"}],"predecessor-version":[{"id":11917,"href":"https:\/\/www.svseekirchen.at\/svs\/wp-json\/wp\/v2\/pages\/4633\/revisions\/11917"}],"wp:attachment":[{"href":"https:\/\/www.svseekirchen.at\/svs\/wp-json\/wp\/v2\/media?parent=4633"}],"curies":[{"name":"wp","href":"https:\/\/api.w.org\/{rel}","templated":true}]}}