{"id":4627,"date":"2016-02-18T15:07:23","date_gmt":"2016-02-18T14:07:23","guid":{"rendered":"http:\/\/www.svseekirchen.at\/svs\/?page_id=4627"},"modified":"2023-09-01T10:23:30","modified_gmt":"2023-09-01T08:23:30","slug":"club-der-foerderer","status":"publish","type":"page","link":"https:\/\/www.svseekirchen.at\/svs\/club-der-foerderer\/","title":{"rendered":"Club der F\u00f6rderer"},"content":{"rendered":"<h3>CdF Mitglied werden<\/h3>\n<p>Der Club der F\u00f6rderer wurde im Sommer 1994 ins Leben gerufen und ist der Unterst\u00fctzung\u00a0 des Seekirchner Nachwuchs-Fu\u00dfball gewidmet. Eine gesunde Nachwuchsarbeit ist das\u00a0 Fundament jedes Sportvereines, in der F\u00f6rderung der jungen Spieler liegt der sportliche Erfolg von morgen. Der SV Seekirchen hat aber auch eine soziale Funktion f\u00fcr die Kinder,\u00a0 denn der Sportverein ist eine gr0\u00dfe Familie, in dem das Gemeinschaftsleben gro\u00df geschrieben wird.<\/p>\n<p>Wer kennt den Slogan: \u201dDie besten Trainer sollten unseren Nachwuchs betreuen\u201d<br \/>\nDieser Ausspruch sollte kein Lippenbekenntnis bleiben und deshalb versteh der SV Seekirchen hochqualifizierte Trainer zu engagieren die es verstehen, Talente zu erkennen und zu f\u00f6rdern.<br \/>\nDerzeit werden vom SV Seekirchen von der U5 bis zur 1b Mannschaft ca. 300 Kinder und Jugendliche zwei bis drei mal w\u00f6chentlich auf unserer Sportst\u00e4tte ausgebildet. Dieser Einsatz soll eine Basis schaffen und dazu beitragen Talente im Laufe der Jahre an\u00a0 die Seekirchner Kampfmannschaft heranzuf\u00fchren und vielleicht sogar dem einen oder anderen den Sprung zum Profi-Fu\u00dfball zu erm\u00f6glichen. Und genau daf\u00fcr steht der Club der F\u00f6rderer, dem heute Vertreter aus Politik, Wirtschaft und private fu\u00dfballbegeisterte G\u00f6nner angeh\u00f6ren.<\/p>\n<p>Der Reinerl\u00f6s des Club der F\u00f6rderer flie\u00dft zu 100 Prozent in die Nachwuchsarbeit!<br \/>\nFinanziert werden unter anderem die Nachwuchstrainer, die Ausstattung der Nachwuchsspieler (z.B.: B\u00e4lle, Dressen, Trainingsequipment, Fahrtkosten, etc.) und Trainingslager.<\/p>\n<p>Haben wir Ihr Interesse geweckt? Dann freuen wir uns \u00fcber Ihre Anfrage an <a href=\"mailto:marketing@svseekirchen.at\">marketing@svseekirchen.at<\/a>.<\/p>\n","protected":false},"excerpt":{"rendered":"<p>CdF Mitglied werden Der Club der F\u00f6rderer wurde im Sommer 1994 ins Leben gerufen und ist der Unterst\u00fctzung\u00a0 des Seekirchner Nachwuchs-Fu\u00dfball gewidmet. Eine gesunde Nachwuchsarbeit ist das\u00a0 Fundament jedes Sportvereines, in der F\u00f6rderung der jungen Spieler liegt der sportliche Erfolg von morgen. Der SV Seekirchen hat aber auch eine soziale Funktion f\u00fcr die Kinder,\u00a0 denn&#8230;<\/p>\n","protected":false},"author":5,"featured_media":0,"parent":0,"menu_order":0,"comment_status":"closed","ping_status":"closed","template":"","meta":{"footnotes":""},"class_list":["post-4627","page","type-page","status-publish","hentry"],"_links":{"self":[{"href":"https:\/\/www.svseekirchen.at\/svs\/wp-json\/wp\/v2\/pages\/4627","targetHints":{"allow":["GET"]}}],"collection":[{"href":"https:\/\/www.svseekirchen.at\/svs\/wp-json\/wp\/v2\/pages"}],"about":[{"href":"https:\/\/www.svseekirchen.at\/svs\/wp-json\/wp\/v2\/types\/page"}],"author":[{"embeddable":true,"href":"https:\/\/www.svseekirchen.at\/svs\/wp-json\/wp\/v2\/users\/5"}],"replies":[{"embeddable":true,"href":"https:\/\/www.svseekirchen.at\/svs\/wp-json\/wp\/v2\/comments?post=4627"}],"version-history":[{"count":8,"href":"https:\/\/www.svseekirchen.at\/svs\/wp-json\/wp\/v2\/pages\/4627\/revisions"}],"predecessor-version":[{"id":13153,"href":"https:\/\/www.svseekirchen.at\/svs\/wp-json\/wp\/v2\/pages\/4627\/revisions\/13153"}],"wp:attachment":[{"href":"https:\/\/www.svseekirchen.at\/svs\/wp-json\/wp\/v2\/media?parent=4627"}],"curies":[{"name":"wp","href":"https:\/\/api.w.org\/{rel}","templated":true}]}}